{"id":3983,"date":"2025-08-03T13:40:33","date_gmt":"2025-08-03T13:40:33","guid":{"rendered":"https:\/\/topgunliveshow.com\/premium-cocktailpakete-fuer-ihre-veranstaltung\/"},"modified":"2025-09-11T14:18:13","modified_gmt":"2025-09-11T14:18:13","slug":"premium-cocktailpakete-fuer-ihre-veranstaltung","status":"publish","type":"page","link":"https:\/\/topgunliveshow.com\/de\/premium-cocktailpakete-fuer-ihre-veranstaltung\/","title":{"rendered":"Premium Cocktailpakete f\u00fcr Ihre Veranstaltung"},"content":{"rendered":"\t\t<div data-elementor-type=\"wp-page\" data-elementor-id=\"3983\" class=\"elementor elementor-3983 elementor-2946\" data-elementor-post-type=\"page\">\n\t\t\t\t<div class=\"elementor-element elementor-element-5ccb8e5 e-flex e-con-boxed e-con e-parent\" data-id=\"5ccb8e5\" data-element_type=\"container\" data-e-type=\"container\">\n\t\t\t\t\t<div class=\"e-con-inner\">\n\t\t\t\t<div class=\"elementor-element elementor-element-9669947 elementor-widget elementor-widget-heading\" data-id=\"9669947\" data-element_type=\"widget\" data-e-type=\"widget\" data-widget_type=\"heading.default\">\n\t\t\t\t<div class=\"elementor-widget-container\">\n\t\t\t\t\t<h2 class=\"elementor-heading-title elementor-size-default\">Premium Cocktailpakete f\u00fcr Veranstaltungen<\/h2>\t\t\t\t<\/div>\n\t\t\t\t<\/div>\n\t\t\t\t<div class=\"elementor-element elementor-element-5dd9e2f elementor-button-align-stretch elementor-widget elementor-widget-form\" data-id=\"5dd9e2f\" data-element_type=\"widget\" data-e-type=\"widget\" data-settings=\"{&quot;step_next_label&quot;:&quot;Weiter&quot;,&quot;step_previous_label&quot;:&quot;Zur\\u00fcck&quot;,&quot;button_width&quot;:&quot;100&quot;,&quot;step_type&quot;:&quot;number_text&quot;,&quot;step_icon_shape&quot;:&quot;circle&quot;}\" data-widget_type=\"form.default\">\n\t\t\t\t<div class=\"elementor-widget-container\">\n\t\t\t\t\t\t\t<form class=\"elementor-form\" method=\"post\" name=\"Angebot anfordern\" aria-label=\"Angebot anfordern\">\r\n\t\t\t<input type=\"hidden\" name=\"post_id\" value=\"3983\"\/>\r\n\t\t\t<input type=\"hidden\" name=\"form_id\" value=\"5dd9e2f\"\/>\r\n\t\t\t<input type=\"hidden\" name=\"referer_title\" value=\"Premium Cocktailpakete f\u00fcr Ihre Veranstaltung - TopGun Live! Show\" \/>\r\n\r\n\t\t\t\t\t\t\t<input type=\"hidden\" name=\"queried_id\" value=\"3983\"\/>\r\n\t\t\t\r\n\t\t\t<div class=\"elementor-form-fields-wrapper elementor-labels-above\">\r\n\t\t\t\t\t\t\t\t<div class=\"elementor-field-type-text elementor-field-group elementor-column elementor-field-group-name elementor-col-50 elementor-field-required elementor-mark-required\">\r\n\t\t\t\t\t\t\t\t\t\t\t\t<label for=\"form-field-name\" class=\"elementor-field-label\">\r\n\t\t\t\t\t\t\t\tNachname\t\t\t\t\t\t\t<\/label>\r\n\t\t\t\t\t\t\t\t\t\t\t\t\t\t<input size=\"1\" type=\"text\" name=\"form_fields[name]\" id=\"form-field-name\" class=\"elementor-field elementor-size-sm  elementor-field-textual\" placeholder=\"Nachname\" required=\"required\">\r\n\t\t\t\t\t\t\t\t\t\t\t<\/div>\r\n\t\t\t\t\t\t\t\t<div class=\"elementor-field-type-text elementor-field-group elementor-column elementor-field-group-email elementor-col-50 elementor-field-required elementor-mark-required\">\r\n\t\t\t\t\t\t\t\t\t\t\t\t<label for=\"form-field-email\" class=\"elementor-field-label\">\r\n\t\t\t\t\t\t\t\tVorname\t\t\t\t\t\t\t<\/label>\r\n\t\t\t\t\t\t\t\t\t\t\t\t\t\t<input size=\"1\" type=\"text\" name=\"form_fields[email]\" id=\"form-field-email\" class=\"elementor-field elementor-size-sm  elementor-field-textual\" placeholder=\"Vorname\" required=\"required\">\r\n\t\t\t\t\t\t\t\t\t\t\t<\/div>\r\n\t\t\t\t\t\t\t\t<div class=\"elementor-field-type-email elementor-field-group elementor-column elementor-field-group-message elementor-col-50 elementor-field-required elementor-mark-required\">\r\n\t\t\t\t\t\t\t\t\t\t\t\t<label for=\"form-field-message\" class=\"elementor-field-label\">\r\n\t\t\t\t\t\t\t\tE-Mail\t\t\t\t\t\t\t<\/label>\r\n\t\t\t\t\t\t\t\t\t\t\t\t\t\t<input size=\"1\" type=\"email\" name=\"form_fields[message]\" id=\"form-field-message\" class=\"elementor-field elementor-size-sm  elementor-field-textual\" placeholder=\"azemail@cimem.hu\" required=\"required\">\r\n\t\t\t\t\t\t\t\t\t\t\t<\/div>\r\n\t\t\t\t\t\t\t\t<div class=\"elementor-field-type-tel elementor-field-group elementor-column elementor-field-group-field_76f1211 elementor-col-50 elementor-field-required elementor-mark-required\">\r\n\t\t\t\t\t\t\t\t\t\t\t\t<label for=\"form-field-field_76f1211\" class=\"elementor-field-label\">\r\n\t\t\t\t\t\t\t\tTelefonnummer\t\t\t\t\t\t\t<\/label>\r\n\t\t\t\t\t\t\t\t<input size=\"1\" type=\"tel\" name=\"form_fields[field_76f1211]\" id=\"form-field-field_76f1211\" class=\"elementor-field elementor-size-sm  elementor-field-textual\" placeholder=\"+36 30 123 4567\" required=\"required\" pattern=\"[0-9()#&amp;+*-=.]+\" title=\"Only numbers and phone characters (#, -, *, etc) are accepted.\">\r\n\r\n\t\t\t\t\t\t<\/div>\r\n\t\t\t\t\t\t\t\t<div class=\"elementor-field-type-select elementor-field-group elementor-column elementor-field-group-field_3edfbfd elementor-col-100 elementor-field-required elementor-mark-required\">\r\n\t\t\t\t\t\t\t\t\t\t\t\t<label for=\"form-field-field_3edfbfd\" class=\"elementor-field-label\">\r\n\t\t\t\t\t\t\t\tF\u00fcr welches Cocktailpaket interessieren Sie sich?\t\t\t\t\t\t\t<\/label>\r\n\t\t\t\t\t\t\t\t<div class=\"elementor-field elementor-select-wrapper remove-before \">\r\n\t\t\t<div class=\"select-caret-down-wrapper\">\r\n\t\t\t\t<svg aria-hidden=\"true\" class=\"e-font-icon-svg e-eicon-caret-down\" viewBox=\"0 0 571.4 571.4\" xmlns=\"http:\/\/www.w3.org\/2000\/svg\"><path d=\"M571 393Q571 407 561 418L311 668Q300 679 286 679T261 668L11 418Q0 407 0 393T11 368 36 357H536Q550 357 561 368T571 393Z\"><\/path><\/svg>\t\t\t<\/div>\r\n\t\t\t<select name=\"form_fields[field_3edfbfd]\" id=\"form-field-field_3edfbfd\" class=\"elementor-field-textual elementor-size-sm\" required=\"required\">\r\n\t\t\t\t\t\t\t\t\t<option value=\"Silver Paket\">Silver Paket<\/option>\r\n\t\t\t\t\t\t\t\t\t<option value=\"Gold Paket\">Gold Paket<\/option>\r\n\t\t\t\t\t\t\t\t\t<option value=\"Superior Paket\">Superior Paket<\/option>\r\n\t\t\t\t\t\t\t\t\t<option value=\"Geburtstags-Paket\">Geburtstags-Paket<\/option>\r\n\t\t\t\t\t\t\t\t\t<option value=\"Junggesellinnenabschieds-Paket\">Junggesellinnenabschieds-Paket<\/option>\r\n\t\t\t\t\t\t\t\t\t<option value=\"Frauentags-Paket\">Frauentags-Paket<\/option>\r\n\t\t\t\t\t\t\t<\/select>\r\n\t\t<\/div>\r\n\t\t\t\t\t\t<\/div>\r\n\t\t\t\t\t\t\t\t<div class=\"elementor-field-type-date elementor-field-group elementor-column elementor-field-group-field_89736b2 elementor-col-50 elementor-field-required elementor-mark-required\">\r\n\t\t\t\t\t\t\t\t\t\t\t\t<label for=\"form-field-field_89736b2\" class=\"elementor-field-label\">\r\n\t\t\t\t\t\t\t\tGeplanter Termin der Veranstaltung\t\t\t\t\t\t\t<\/label>\r\n\t\t\t\t\t\t\r\n\t\t<input type=\"date\" name=\"form_fields[field_89736b2]\" id=\"form-field-field_89736b2\" class=\"elementor-field elementor-size-sm  elementor-field-textual elementor-date-field elementor-use-native\" required=\"required\" pattern=\"[0-9]{4}-[0-9]{2}-[0-9]{2}\" min=\"2025-08-03\" max=\"2030-01-01\">\r\n\t\t\t\t\t\t<\/div>\r\n\t\t\t\t\t\t\t\t<div class=\"elementor-field-type-text elementor-field-group elementor-column elementor-field-group-field_961e759 elementor-col-50 elementor-field-required elementor-mark-required\">\r\n\t\t\t\t\t\t\t\t\t\t\t\t<label for=\"form-field-field_961e759\" class=\"elementor-field-label\">\r\n\t\t\t\t\t\t\t\tOrt (Stadt)\t\t\t\t\t\t\t<\/label>\r\n\t\t\t\t\t\t\t\t\t\t\t\t\t\t<input size=\"1\" type=\"text\" name=\"form_fields[field_961e759]\" id=\"form-field-field_961e759\" class=\"elementor-field elementor-size-sm  elementor-field-textual\" placeholder=\"Z.B. Budapest \" required=\"required\">\r\n\t\t\t\t\t\t\t\t\t\t\t<\/div>\r\n\t\t\t\t\t\t\t\t<div class=\"elementor-field-type-number elementor-field-group elementor-column elementor-field-group-field_dabaaea elementor-col-100\">\r\n\t\t\t\t\t\t\t\t\t\t\t\t<label for=\"form-field-field_dabaaea\" class=\"elementor-field-label\">\r\n\t\t\t\t\t\t\t\tErwartete Personenzahl (Personen)\t\t\t\t\t\t\t<\/label>\r\n\t\t\t\t\t\t\t\t\t<input type=\"number\" name=\"form_fields[field_dabaaea]\" id=\"form-field-field_dabaaea\" class=\"elementor-field elementor-size-sm  elementor-field-textual\" placeholder=\"Z.B. 80\" min=\"\" max=\"\" >\r\n\t\t\t\t\t\t<\/div>\r\n\t\t\t\t\t\t\t\t<div class=\"elementor-field-type-textarea elementor-field-group elementor-column elementor-field-group-field_155d3b3 elementor-col-100\">\r\n\t\t\t\t\t\t\t\t\t\t\t\t<label for=\"form-field-field_155d3b3\" class=\"elementor-field-label\">\r\n\t\t\t\t\t\t\t\tNachricht, individuelle W\u00fcnsche\t\t\t\t\t\t\t<\/label>\r\n\t\t\t\t\t\t<textarea class=\"elementor-field-textual elementor-field  elementor-size-sm\" name=\"form_fields[field_155d3b3]\" id=\"form-field-field_155d3b3\" rows=\"6\" placeholder=\"Bitte beschreiben Sie hier weitere Details der Veranstaltung oder Ihre individuellen W\u00fcnsche...\"><\/textarea>\t\t\t\t<\/div>\r\n\t\t\t\t\t\t\t\t<div class=\"elementor-field-type-acceptance elementor-field-group elementor-column elementor-field-group-field_736fed9 elementor-col-100 elementor-field-required elementor-mark-required\">\r\n\t\t\t\t\t\t\t\t\t\t\t\t<label for=\"form-field-field_736fed9\" class=\"elementor-field-label\">\r\n\t\t\t\t\t\t\t\tDatenschutzerkl\u00e4rung\t\t\t\t\t\t\t<\/label>\r\n\t\t\t\t\t\t\t\t<div class=\"elementor-field-subgroup\">\r\n\t\t\t<span class=\"elementor-field-option\">\r\n\t\t\t\t<input type=\"checkbox\" name=\"form_fields[field_736fed9]\" id=\"form-field-field_736fed9\" class=\"elementor-field elementor-size-sm  elementor-acceptance-field\" required=\"required\">\r\n\t\t\t\t<label for=\"form-field-field_736fed9\">Ich habe die <a href=\"\/adatkezelesi-tajekoztato\/\" target=\"_blank\">Datenschutzerkl\u00e4rung<\/a> gelesen und akzeptiere sie.<\/label>\t\t\t<\/span>\r\n\t\t<\/div>\r\n\t\t\t\t\t\t<\/div>\r\n\t\t\t\t\t\t\t\t<div class=\"elementor-field-type-recaptcha_v3 elementor-field-group elementor-column elementor-field-group-field_97553d4 elementor-col-100 recaptcha_v3-bottomright\">\r\n\t\t\t\t\t<div class=\"elementor-field\" id=\"form-field-field_97553d4\"><\/div>\t\t\t\t<\/div>\r\n\t\t\t\t\t\t\t\t<div class=\"elementor-field-group elementor-column elementor-field-type-submit elementor-col-100 e-form__buttons\">\r\n\t\t\t\t\t<button class=\"elementor-button elementor-size-sm\" type=\"submit\">\r\n\t\t\t\t\t\t<span class=\"elementor-button-content-wrapper\">\r\n\t\t\t\t\t\t\t\t\t\t\t\t\t\t\t\t\t\t\t\t\t\t<span class=\"elementor-button-text\">Bestellung abschlie\u00dfen<\/span>\r\n\t\t\t\t\t\t\t\t\t\t\t\t\t<\/span>\r\n\t\t\t\t\t<\/button>\r\n\t\t\t\t<\/div>\r\n\t\t\t<\/div>\r\n\t\t<\/form>\r\n\t\t\t\t\t\t<\/div>\n\t\t\t\t<\/div>\n\t\t\t\t<div class=\"elementor-element elementor-element-0e0cea7 elementor-widget elementor-widget-html\" data-id=\"0e0cea7\" data-element_type=\"widget\" data-e-type=\"widget\" data-widget_type=\"html.default\">\n\t\t\t\t<div class=\"elementor-widget-container\">\n\t\t\t\t\t<script>document.addEventListener('DOMContentLoaded', function() {\r\n    try {\r\n        \/\/ URL param\u00e9terek kiolvas\u00e1sa\r\n        const urlParams = new URLSearchParams(window.location.search);\r\n        const selectedPackage = urlParams.get('csomag');\r\n\r\n        if (selectedPackage) {\r\n            \/\/ A leg\u00f6rd\u00fcl\u0151 men\u00fc mez\u0151j\u00e9nek kiv\u00e1laszt\u00e1sa az ID alapj\u00e1n\r\n            \/\/ Az ID-t a te k\u00e9pedr\u0151l olvastam ki: field_3edfbfd\r\n            const selectField = document.querySelector('#form-field-field_3edfbfd');\r\n\r\n            if (selectField) {\r\n                \/\/ Be\u00e1ll\u00edtjuk az \u00e9rt\u00e9k\u00e9t a param\u00e9ter alapj\u00e1n\r\n                selectField.value = selectedPackage;\r\n\r\n                \/\/ Esem\u00e9nyt ind\u00edtunk, hogy az Elementor is \u00e9szlelje a v\u00e1ltoz\u00e1st\r\n                \/\/ (ez fontos lehet a felt\u00e9teles logik\u00e1hoz)\r\n                const event = new Event('change', { bubbles: true });\r\n                selectField.dispatchEvent(event);\r\n            }\r\n        }\r\n    } catch (e) {\r\n        console.error('Hiba az el\u0151v\u00e1laszt\u00e1s sor\u00e1n:', e);\r\n    }\r\n});\r\n<\/script>\t\t\t\t<\/div>\n\t\t\t\t<\/div>\n\t\t\t\t\t<\/div>\n\t\t\t\t<\/div>\n\t\t\t\t<\/div>\n\t\t","protected":false},"excerpt":{"rendered":"<p>Premium Cocktailpakete f\u00fcr Veranstaltungen<\/p>\n","protected":false},"author":1,"featured_media":0,"parent":0,"menu_order":0,"comment_status":"closed","ping_status":"closed","template":"","meta":{"footnotes":""},"class_list":["post-3983","page","type-page","status-publish","hentry"],"yoast_head":"<!-- This site is optimized with the Yoast SEO Premium plugin v25.3 (Yoast SEO v25.3) - https:\/\/yoast.com\/wordpress\/plugins\/seo\/ -->\n<title>Premium Cocktailpakete f\u00fcr Ihre Veranstaltung - TopGun Live! Show<\/title>\n<meta name=\"robots\" content=\"index, follow, max-snippet:-1, max-image-preview:large, max-video-preview:-1\" \/>\n<link rel=\"canonical\" href=\"https:\/\/topgunliveshow.com\/de\/premium-cocktailpakete-fuer-ihre-veranstaltung\/\" \/>\n<meta property=\"og:locale\" content=\"de_DE\" \/>\n<meta property=\"og:type\" content=\"article\" \/>\n<meta property=\"og:title\" content=\"Premium Cocktailpakete f\u00fcr Ihre Veranstaltung\" \/>\n<meta property=\"og:description\" content=\"Premium Cocktailpakete f\u00fcr Veranstaltungen\" \/>\n<meta property=\"og:url\" content=\"https:\/\/topgunliveshow.com\/de\/premium-cocktailpakete-fuer-ihre-veranstaltung\/\" \/>\n<meta property=\"og:site_name\" content=\"TopGun Live! Show\" \/>\n<meta property=\"article:modified_time\" content=\"2025-09-11T14:18:13+00:00\" \/>\n<meta name=\"twitter:card\" content=\"summary_large_image\" \/>\n<script type=\"application\/ld+json\" class=\"yoast-schema-graph\">{\"@context\":\"https:\/\/schema.org\",\"@graph\":[{\"@type\":\"WebPage\",\"@id\":\"https:\/\/topgunliveshow.com\/de\/premium-cocktailpakete-fuer-ihre-veranstaltung\/\",\"url\":\"https:\/\/topgunliveshow.com\/de\/premium-cocktailpakete-fuer-ihre-veranstaltung\/\",\"name\":\"Premium Cocktailpakete f\u00fcr Ihre Veranstaltung - TopGun Live! Show\",\"isPartOf\":{\"@id\":\"https:\/\/topgunliveshow.com\/de\/#website\"},\"datePublished\":\"2025-08-03T13:40:33+00:00\",\"dateModified\":\"2025-09-11T14:18:13+00:00\",\"breadcrumb\":{\"@id\":\"https:\/\/topgunliveshow.com\/de\/premium-cocktailpakete-fuer-ihre-veranstaltung\/#breadcrumb\"},\"inLanguage\":\"de\",\"potentialAction\":[{\"@type\":\"ReadAction\",\"target\":[\"https:\/\/topgunliveshow.com\/de\/premium-cocktailpakete-fuer-ihre-veranstaltung\/\"]}]},{\"@type\":\"BreadcrumbList\",\"@id\":\"https:\/\/topgunliveshow.com\/de\/premium-cocktailpakete-fuer-ihre-veranstaltung\/#breadcrumb\",\"itemListElement\":[{\"@type\":\"ListItem\",\"position\":1,\"name\":\"Kezd\u0151lap\",\"item\":\"https:\/\/topgunliveshow.com\/de\/\"},{\"@type\":\"ListItem\",\"position\":2,\"name\":\"Premium Cocktailpakete f\u00fcr Ihre Veranstaltung\"}]},{\"@type\":\"WebSite\",\"@id\":\"https:\/\/topgunliveshow.com\/de\/#website\",\"url\":\"https:\/\/topgunliveshow.com\/de\/\",\"name\":\"TopGun Live! Show\",\"description\":\"\",\"publisher\":{\"@id\":\"https:\/\/topgunliveshow.com\/de\/#organization\"},\"potentialAction\":[{\"@type\":\"SearchAction\",\"target\":{\"@type\":\"EntryPoint\",\"urlTemplate\":\"https:\/\/topgunliveshow.com\/de\/?s={search_term_string}\"},\"query-input\":{\"@type\":\"PropertyValueSpecification\",\"valueRequired\":true,\"valueName\":\"search_term_string\"}}],\"inLanguage\":\"de\"},{\"@type\":\"Organization\",\"@id\":\"https:\/\/topgunliveshow.com\/de\/#organization\",\"name\":\"TopGun Live! Show\",\"url\":\"https:\/\/topgunliveshow.com\/de\/\",\"logo\":{\"@type\":\"ImageObject\",\"inLanguage\":\"de\",\"@id\":\"https:\/\/topgunliveshow.com\/de\/#\/schema\/logo\/image\/\",\"url\":\"https:\/\/topgunliveshow.com\/wp-content\/uploads\/2025\/08\/topgunliveshow_logo_ff.jpg\",\"contentUrl\":\"https:\/\/topgunliveshow.com\/wp-content\/uploads\/2025\/08\/topgunliveshow_logo_ff.jpg\",\"width\":1685,\"height\":575,\"caption\":\"TopGun Live! Show\"},\"image\":{\"@id\":\"https:\/\/topgunliveshow.com\/de\/#\/schema\/logo\/image\/\"}}]}<\/script>\n<!-- \/ Yoast SEO Premium plugin. -->","yoast_head_json":{"title":"Premium Cocktailpakete f\u00fcr Ihre Veranstaltung - TopGun Live! Show","robots":{"index":"index","follow":"follow","max-snippet":"max-snippet:-1","max-image-preview":"max-image-preview:large","max-video-preview":"max-video-preview:-1"},"canonical":"https:\/\/topgunliveshow.com\/de\/premium-cocktailpakete-fuer-ihre-veranstaltung\/","og_locale":"de_DE","og_type":"article","og_title":"Premium Cocktailpakete f\u00fcr Ihre Veranstaltung","og_description":"Premium Cocktailpakete f\u00fcr Veranstaltungen","og_url":"https:\/\/topgunliveshow.com\/de\/premium-cocktailpakete-fuer-ihre-veranstaltung\/","og_site_name":"TopGun Live! Show","article_modified_time":"2025-09-11T14:18:13+00:00","twitter_card":"summary_large_image","schema":{"@context":"https:\/\/schema.org","@graph":[{"@type":"WebPage","@id":"https:\/\/topgunliveshow.com\/de\/premium-cocktailpakete-fuer-ihre-veranstaltung\/","url":"https:\/\/topgunliveshow.com\/de\/premium-cocktailpakete-fuer-ihre-veranstaltung\/","name":"Premium Cocktailpakete f\u00fcr Ihre Veranstaltung - TopGun Live! Show","isPartOf":{"@id":"https:\/\/topgunliveshow.com\/de\/#website"},"datePublished":"2025-08-03T13:40:33+00:00","dateModified":"2025-09-11T14:18:13+00:00","breadcrumb":{"@id":"https:\/\/topgunliveshow.com\/de\/premium-cocktailpakete-fuer-ihre-veranstaltung\/#breadcrumb"},"inLanguage":"de","potentialAction":[{"@type":"ReadAction","target":["https:\/\/topgunliveshow.com\/de\/premium-cocktailpakete-fuer-ihre-veranstaltung\/"]}]},{"@type":"BreadcrumbList","@id":"https:\/\/topgunliveshow.com\/de\/premium-cocktailpakete-fuer-ihre-veranstaltung\/#breadcrumb","itemListElement":[{"@type":"ListItem","position":1,"name":"Kezd\u0151lap","item":"https:\/\/topgunliveshow.com\/de\/"},{"@type":"ListItem","position":2,"name":"Premium Cocktailpakete f\u00fcr Ihre Veranstaltung"}]},{"@type":"WebSite","@id":"https:\/\/topgunliveshow.com\/de\/#website","url":"https:\/\/topgunliveshow.com\/de\/","name":"TopGun Live! Show","description":"","publisher":{"@id":"https:\/\/topgunliveshow.com\/de\/#organization"},"potentialAction":[{"@type":"SearchAction","target":{"@type":"EntryPoint","urlTemplate":"https:\/\/topgunliveshow.com\/de\/?s={search_term_string}"},"query-input":{"@type":"PropertyValueSpecification","valueRequired":true,"valueName":"search_term_string"}}],"inLanguage":"de"},{"@type":"Organization","@id":"https:\/\/topgunliveshow.com\/de\/#organization","name":"TopGun Live! Show","url":"https:\/\/topgunliveshow.com\/de\/","logo":{"@type":"ImageObject","inLanguage":"de","@id":"https:\/\/topgunliveshow.com\/de\/#\/schema\/logo\/image\/","url":"https:\/\/topgunliveshow.com\/wp-content\/uploads\/2025\/08\/topgunliveshow_logo_ff.jpg","contentUrl":"https:\/\/topgunliveshow.com\/wp-content\/uploads\/2025\/08\/topgunliveshow_logo_ff.jpg","width":1685,"height":575,"caption":"TopGun Live! Show"},"image":{"@id":"https:\/\/topgunliveshow.com\/de\/#\/schema\/logo\/image\/"}}]}},"jetpack_sharing_enabled":true,"_links":{"self":[{"href":"https:\/\/topgunliveshow.com\/de\/wp-json\/wp\/v2\/pages\/3983","targetHints":{"allow":["GET"]}}],"collection":[{"href":"https:\/\/topgunliveshow.com\/de\/wp-json\/wp\/v2\/pages"}],"about":[{"href":"https:\/\/topgunliveshow.com\/de\/wp-json\/wp\/v2\/types\/page"}],"author":[{"embeddable":true,"href":"https:\/\/topgunliveshow.com\/de\/wp-json\/wp\/v2\/users\/1"}],"replies":[{"embeddable":true,"href":"https:\/\/topgunliveshow.com\/de\/wp-json\/wp\/v2\/comments?post=3983"}],"version-history":[{"count":1,"href":"https:\/\/topgunliveshow.com\/de\/wp-json\/wp\/v2\/pages\/3983\/revisions"}],"predecessor-version":[{"id":3984,"href":"https:\/\/topgunliveshow.com\/de\/wp-json\/wp\/v2\/pages\/3983\/revisions\/3984"}],"wp:attachment":[{"href":"https:\/\/topgunliveshow.com\/de\/wp-json\/wp\/v2\/media?parent=3983"}],"curies":[{"name":"wp","href":"https:\/\/api.w.org\/{rel}","templated":true}]}}